{"id":13,"date":"2018-06-02T12:34:43","date_gmt":"2018-06-02T10:34:43","guid":{"rendered":"http:\/\/dreipalmen.com\/?page_id=13"},"modified":"2022-11-24T17:15:05","modified_gmt":"2022-11-24T15:15:05","slug":"projects","status":"publish","type":"page","link":"https:\/\/dreipalmen.com\/?page_id=13","title":{"rendered":"projects"},"content":{"rendered":"<p><strong>2022<\/strong><br \/><em>CHILE INTERNATIONAL II. Sketches of the south &#8211; Maps of tomorrow<\/em><br \/>Publication, in collaboration with Eva-Christina Meier and Galer\u00eda Metropolitana<\/p>\n<p>MITKUNSTZENTRALE &#8211; Werkstatt f\u00fcr Kunst und Klima im \u00f6ffentlichen Raum<\/p>\n<p><strong>2021<br \/><\/strong><em>museo de la democracia<br \/><\/em>Exhibition and public programme, nGbK Berlin<\/p>\n<p><em>MITKUNSTZENTRALE &#8211; <\/em><em>Workshop for art and climate in public space<br \/><\/em>Action-, discussion- and presentation series, Haus der Statistik, Berlin<\/p>\n<p><strong>2020<br \/><\/strong><em>MITKUNSTZENTRALE &#8211; <\/em><em>Workshop for art and climate in public space<br \/><\/em>Action-, discussion- and presentation series, Haus der Statistik, Berlin<\/p>\n<p><span class=\"dateValueItem\"><em>GOING OUT OF CIRCLES \u2013 Part 4<\/em><br \/>Exhibition and lecture, nGbK \u2013 station urbaner kulturen, Berlin<br \/><\/span><\/p>\n<p><strong>2019<\/strong><br \/><em>40 Jahre Kunst im Kontext &#8211; Positions, Intersections, Commentaries<\/em><br \/>Exhibition, neue Gesellschaft f\u00fcr bildende Kunst (nGbK), Berlin<\/p>\n<p><em>Museum Verbindet &#8211; walking through life in Berlin<\/em> <br \/>Mediation project, M\u00e4rkisches Museum, Berlin<\/p>\n<p><em>SPIELCLUB Oranienstra\u00dfe 25<br \/><\/em>Exhibition and mediation project<em>, <\/em>nGbK, Berlin<em><br \/><\/em><\/p>\n<p><strong>2018<\/strong><br \/><em>40 Jahre Kunst im Kontext &#8211; der Weg eines Instituts<\/em><br \/>Exhibition, University of the Arts, Berlin<\/p>\n<p><em>Proyecto SACO7: Origin and Myth<br \/><\/em>Winner of the international contest, exhibition<br \/>Melbourne Clarke historic Pier, Antofagasta, Chile<\/p>\n<p><em>KontextSchule<\/em><br \/>Part of the team, training program for teachers and artists, Berlin<\/p>\n<p><strong>2017<\/strong><br \/><em>Marx-Engels-Forum: JA!<\/em>, Erik G\u00f6ngrich<br \/>Publication, Berliner Hefte zu Geschichte und Gegenwart der Stadt<br \/>Research<\/p>\n<p><strong>2016<\/strong><br \/><em>Berliner Hefte zu Geschichte und Gegenwart der Stadt<\/em><br \/><em>(Berlin journals &#8211; on history and present state of the city)<br \/><\/em>Publications, co-founder and co-editor<\/p>\n<p><em>Ene-Mene-Muh und welche Stadt willst du? &#8211; Contributions to the Berlin state election 2016<\/em><br \/>Exhibition, publication, event series, spatial diagramm<br \/>nGbK, Berlin<\/p>\n<p><strong>2014<\/strong><br \/><em>The nameless Square at Kulturforum Berlin<\/em><br \/>Masterthesis Art in Context: book, research, photography, inventory<br \/>University of the Arts, Berlin<\/p>\n<p><em>SCHWERBELASTUNGSK\u00d6RPER<\/em><br \/>Publication to the exhibition <em>Uncomfortable Memorial &#8211; an art project in the Schwerbelastunksk\u00f6rper<\/em>, Berlin<\/p>\n<p><strong>2013<\/strong><br \/><em>Unbequemes Denkmal &#8211; ein Kunstprojekt am Schwerbelastungsk\u00f6rper<\/em><br \/><em>(Uncomfortable Memorial &#8211; an art project in the Schwerbelastunksk\u00f6rper)<br \/><\/em>Exhibition, Schwerbelastungsk\u00f6rper Berlin<\/p>\n<p><strong>2012<\/strong><br \/><em>Boutique am Brunnen<\/em><br \/>Exhibition, Infernoesque, Berlin<\/p>\n<p><strong>2011<\/strong><br \/><em>Thunder Site<\/em><br \/>Exhibition, Boutique &#8211; Raum f\u00fcr Tempor\u00e4re Kunst, K\u00f6ln<\/p>\n<p><em>Ja schade, war echt ne sch\u00f6ne Stadt<\/em><br \/>Exhibition, Galleri van Bau, Vertfossen, Norway<\/p>\n<p><em>topoi (tautologische Einheiten)<\/em><br \/>HOI Offraum, Cologne<\/p>\n<p>\u00a0<\/p>\n\n\n<p><\/p>\n","protected":false},"excerpt":{"rendered":"<p>2022CHILE INTERNATIONAL II. Sketches of the south &#8211; Maps of tomorrowPublication, in collaboration with Eva-Christina Meier and Galer\u00eda Metropolitana MITKUNSTZENTRALE &#8211; Werkstatt f\u00fcr Kunst und Klima im \u00f6ffentlichen Raum 2021museo de la democraciaExhibition and public programme, nGbK Berlin MITKUNSTZENTRALE &#8211; Workshop for art and climate in public spaceAction-, discussion- and presentation series, Haus der Statistik, [&hellip;]<\/p>\n","protected":false},"author":1,"featured_media":0,"parent":0,"menu_order":0,"comment_status":"closed","ping_status":"closed","template":"","meta":{"footnotes":""},"_links":{"self":[{"href":"https:\/\/dreipalmen.com\/index.php?rest_route=\/wp\/v2\/pages\/13"}],"collection":[{"href":"https:\/\/dreipalmen.com\/index.php?rest_route=\/wp\/v2\/pages"}],"about":[{"href":"https:\/\/dreipalmen.com\/index.php?rest_route=\/wp\/v2\/types\/page"}],"author":[{"embeddable":true,"href":"https:\/\/dreipalmen.com\/index.php?rest_route=\/wp\/v2\/users\/1"}],"replies":[{"embeddable":true,"href":"https:\/\/dreipalmen.com\/index.php?rest_route=%2Fwp%2Fv2%2Fcomments&post=13"}],"version-history":[{"count":5,"href":"https:\/\/dreipalmen.com\/index.php?rest_route=\/wp\/v2\/pages\/13\/revisions"}],"predecessor-version":[{"id":587,"href":"https:\/\/dreipalmen.com\/index.php?rest_route=\/wp\/v2\/pages\/13\/revisions\/587"}],"wp:attachment":[{"href":"https:\/\/dreipalmen.com\/index.php?rest_route=%2Fwp%2Fv2%2Fmedia&parent=13"}],"curies":[{"name":"wp","href":"https:\/\/api.w.org\/{rel}","templated":true}]}}